{"id":12,"date":"2023-08-22T12:56:30","date_gmt":"2023-08-22T10:56:30","guid":{"rendered":"https:\/\/conscrits-de-villefranche.fr\/?page_id=12"},"modified":"2023-08-23T11:56:15","modified_gmt":"2023-08-23T09:56:15","slug":"histoire","status":"publish","type":"page","link":"https:\/\/conscrits-de-villefranche.fr\/?page_id=12","title":{"rendered":"Histoire"},"content":{"rendered":"\n<p class=\"has-text-align-center\"><\/p>\n\n\n\n<figure class=\"wp-block-embed is-type-video is-provider-youtube wp-block-embed-youtube wp-embed-aspect-16-9 wp-has-aspect-ratio\"><div class=\"wp-block-embed__wrapper\">\n<iframe loading=\"lazy\" title=\"L&#039;histoire des CONSCRITS (Partie 1)\" width=\"640\" height=\"360\" src=\"https:\/\/www.youtube.com\/embed\/ooi-ygquCyg?feature=oembed\" frameborder=\"0\" allow=\"accelerometer; autoplay; clipboard-write; encrypted-media; gyroscope; picture-in-picture; web-share\" referrerpolicy=\"strict-origin-when-cross-origin\" allowfullscreen><\/iframe>\n<\/div><\/figure>\n\n\n\n<p><strong>1798 La loi de Conscription (loi Jourdan).<\/strong><br>Au d\u00e9but de l\u2019ann\u00e9e, les gar\u00e7ons ayant eu 20 ans l\u2019ann\u00e9e pr\u00e9c\u00e9dente se voient imposer un tirage au sort. Si le choix \u00e9tait heureux, il \u00e9tait lib\u00e9r\u00e9 de toute obligation militaire, sinon, il partait pour sept ans. Diff\u00e9rentes lois furent vot\u00e9es, r\u00e9glementant les exemptions, modifiant le temps d\u2019incorporation, mais le tirage au sort continuera jusqu\u2019en 1905. Ainsi, de partout, va se cr\u00e9er des f\u00eates, coutumes et traditions.<\/p>\n\n\n<div class=\"wp-block-image\">\n<figure class=\"aligncenter size-full\"><img loading=\"lazy\" decoding=\"async\" width=\"350\" height=\"236\" src=\"https:\/\/conscrits-de-villefranche.fr\/wp-content\/uploads\/2023\/08\/classe_1873_21_01.jpg\" alt=\"\" class=\"wp-image-102\" srcset=\"https:\/\/conscrits-de-villefranche.fr\/wp-content\/uploads\/2023\/08\/classe_1873_21_01.jpg 350w, https:\/\/conscrits-de-villefranche.fr\/wp-content\/uploads\/2023\/08\/classe_1873_21_01-300x202.jpg 300w\" sizes=\"auto, (max-width: 350px) 100vw, 350px\" \/><\/figure>\n<\/div>\n\n\n<p><strong>Vers 1850 La F\u00eate des Conscrits.<\/strong><br>Des conscrits en habit noir et gibus se pr\u00e9sentent au tirage au sort, ne s\u2019\u00e9tant certainement pas chang\u00e9s apr\u00e8s la f\u00eate de la veille\u2026Petit \u00e0 petit, va se cr\u00e9er le dimanche pr\u00e9c\u00e9dent le tirage au sort, un d\u00e9fil\u00e9 en rangs serr\u00e9s des 21 ans derri\u00e8re une musique militaire avec un ruban vert accroch\u00e9 au gibus. En 1882, les 41 ans, un peu plus tard les 61 ans, puis les autres, s\u2019associ\u00e8rent \u00e0 eux pour c\u00e9l\u00e9brer l\u2019anniversaire de leur propre tirage. La f\u00eate des conscrits \u00e9tait n\u00e9e.<\/p>\n\n\n\n<p><strong>1879 Premi\u00e8re Retraite aux Flambeaux.<br>1894 La vague.&nbsp;<\/strong><\/p>\n\n\n\n<p>Apr\u00e8s leur banquet, le pr\u00e9sident des 41 ans (Classe 1873) prit par un bras le maire, de l\u2019autre le sous-pr\u00e9fet et, suivis de tous les convives, se mirent \u00e0 d\u00e9ambuler d\u2019un trottoir \u00e0 l\u2019autre de la rue Nationale.<br><\/p>\n\n\n\n<p><strong>1906 Les <\/strong><strong>chanons<\/strong><strong>.<br><\/strong>Le lendemain de la f\u00eate, les 21 ans organisent un tirage fictif dont les gagnants ont le privil\u00e8ge de conserver chez eux le drapeau et la canne enrubann\u00e9e. Aujourd\u2019hui, des num\u00e9ros sont propos\u00e9s aux convives \u00e0 l\u2019issue du banquet en \u00e9change d\u2019un don pour les \u0153uvres sociales de la ville.<\/p>\n\n\n\n<p><strong>1910 Premi\u00e8re Amicale de Classe.<\/strong><\/p>\n\n\n\n<p><strong>1913 Deux f\u00eates.<br><\/strong>L\u2019arm\u00e9e ayant d\u00e9cid\u00e9 d\u2019appeler les jeunes \u00e0 20 ans au lieu de 21 ans, il y a deux f\u00eates cette ann\u00e9e-l\u00e0, en janvier pour les 21 ans et en octobre pour les 20 ans.<\/p>\n\n\n\n<div class=\"wp-block-columns is-layout-flex wp-container-core-columns-is-layout-9d6595d7 wp-block-columns-is-layout-flex\">\n<div class=\"wp-block-column is-layout-flow wp-block-column-is-layout-flow\">\n<figure class=\"wp-block-image size-large\"><img loading=\"lazy\" decoding=\"async\" width=\"1024\" height=\"745\" src=\"https:\/\/conscrits-de-villefranche.fr\/wp-content\/uploads\/2023\/08\/Classe-1912-1024x745.jpg\" alt=\"\" class=\"wp-image-100\" srcset=\"https:\/\/conscrits-de-villefranche.fr\/wp-content\/uploads\/2023\/08\/Classe-1912-1024x745.jpg 1024w, https:\/\/conscrits-de-villefranche.fr\/wp-content\/uploads\/2023\/08\/Classe-1912-300x218.jpg 300w, https:\/\/conscrits-de-villefranche.fr\/wp-content\/uploads\/2023\/08\/Classe-1912-768x559.jpg 768w, https:\/\/conscrits-de-villefranche.fr\/wp-content\/uploads\/2023\/08\/Classe-1912-1536x1117.jpg 1536w, https:\/\/conscrits-de-villefranche.fr\/wp-content\/uploads\/2023\/08\/Classe-1912-850x618.jpg 850w, https:\/\/conscrits-de-villefranche.fr\/wp-content\/uploads\/2023\/08\/Classe-1912.jpg 2010w\" sizes=\"auto, (max-width: 1024px) 100vw, 1024px\" \/><\/figure>\n<\/div>\n\n\n\n<div class=\"wp-block-column is-layout-flow wp-block-column-is-layout-flow\">\n<figure class=\"wp-block-image size-large is-resized\"><img loading=\"lazy\" decoding=\"async\" src=\"https:\/\/conscrits-de-villefranche.fr\/wp-content\/uploads\/2023\/08\/Classe-1913-1024x713.jpg\" alt=\"\" class=\"wp-image-101\" style=\"width:432px;height:301px\" width=\"432\" height=\"301\" srcset=\"https:\/\/conscrits-de-villefranche.fr\/wp-content\/uploads\/2023\/08\/Classe-1913-1024x713.jpg 1024w, https:\/\/conscrits-de-villefranche.fr\/wp-content\/uploads\/2023\/08\/Classe-1913-300x209.jpg 300w, https:\/\/conscrits-de-villefranche.fr\/wp-content\/uploads\/2023\/08\/Classe-1913-768x535.jpg 768w, https:\/\/conscrits-de-villefranche.fr\/wp-content\/uploads\/2023\/08\/Classe-1913-1536x1070.jpg 1536w, https:\/\/conscrits-de-villefranche.fr\/wp-content\/uploads\/2023\/08\/Classe-1913-850x592.jpg 850w, https:\/\/conscrits-de-villefranche.fr\/wp-content\/uploads\/2023\/08\/Classe-1913.jpg 2000w\" sizes=\"auto, (max-width: 432px) 100vw, 432px\" \/><\/figure>\n<\/div>\n<\/div>\n\n\n\n<p><strong>1921 La f\u00eate se structure.<br><\/strong>Le d\u00e9fil\u00e9 du matin perd son caract\u00e8re martial pour devenir la vague, analogue \u00e0 celle du soir, plus organis\u00e9e, plus structur\u00e9e. Les 20 ans portent d\u00e9sormais le bouquet aux conscrites.<\/p>\n\n\n\n<figure class=\"wp-block-image size-large\"><img loading=\"lazy\" decoding=\"async\" width=\"1024\" height=\"655\" src=\"https:\/\/conscrits-de-villefranche.fr\/wp-content\/uploads\/2023\/08\/classe_1891_vague_1921-1024x655.jpg\" alt=\"\" class=\"wp-image-103\" srcset=\"https:\/\/conscrits-de-villefranche.fr\/wp-content\/uploads\/2023\/08\/classe_1891_vague_1921-1024x655.jpg 1024w, https:\/\/conscrits-de-villefranche.fr\/wp-content\/uploads\/2023\/08\/classe_1891_vague_1921-300x192.jpg 300w, https:\/\/conscrits-de-villefranche.fr\/wp-content\/uploads\/2023\/08\/classe_1891_vague_1921-768x491.jpg 768w, https:\/\/conscrits-de-villefranche.fr\/wp-content\/uploads\/2023\/08\/classe_1891_vague_1921-1536x982.jpg 1536w, https:\/\/conscrits-de-villefranche.fr\/wp-content\/uploads\/2023\/08\/classe_1891_vague_1921-850x544.jpg 850w, https:\/\/conscrits-de-villefranche.fr\/wp-content\/uploads\/2023\/08\/classe_1891_vague_1921.jpg 2000w\" sizes=\"auto, (max-width: 1024px) 100vw, 1024px\" \/><\/figure>\n\n\n\n<p><strong>1946 La journ\u00e9e des conscrites.<br><\/strong>A partir de cette date, toutes les classes portent le bouquet aux conscrites et les couleurs des rubans sont d\u00e9sormais fix\u00e9es.<\/p>\n\n\n\n<p><strong>1947 Cr\u00e9ation d\u2019une Amicale Interclasse G\u00e9n\u00e9rale.<\/strong><\/p>\n\n\n\n<p><strong>Fin des ann\u00e9es 40&nbsp;:<\/strong> <strong>Les couleurs des rubans aux gibus deviennent officielles.<\/strong><\/p>\n\n\n\n<p><strong>1953 Les fanfares.<\/strong><br>Alors qu\u2019une seule fanfare entra\u00eenait les conscrits, chaque classe a d\u00e9sormais la sienne. La retraite aux flambeaux aura lieu dor\u00e9navant le vendredi soir.<\/p>\n\n\n\n<p><strong>1958&nbsp;:<\/strong> <strong>Cr\u00e9ation de la premi\u00e8re affichette<\/strong><\/p>\n\n\n\n<p><strong>1980&nbsp;: Premi\u00e8res voitures vertes<\/strong><\/p>\n\n\n\n<p><strong>1983&nbsp;: Port de bouquets aux maisons d\u2019handicap\u00e9s et retraites<\/strong><\/p>\n\n\n\n<p><strong>1992&nbsp;: Premier banquet interg\u00e9n\u00e9rationnel le mercredi<\/strong><\/p>\n\n\n\n<p><strong>2009&nbsp;: Les 80 ans ont une nouvelle couleur de ruban. Prune<\/strong><\/p>\n\n\n\n<p><strong>2020 La f\u00eate des Conscrits est inscrite au Patrimoine culturel immat\u00e9riel fran\u00e7ais.<\/strong><\/p>\n\n\n\n<figure class=\"wp-block-image size-large\"><img loading=\"lazy\" decoding=\"async\" width=\"1024\" height=\"690\" src=\"https:\/\/conscrits-de-villefranche.fr\/wp-content\/uploads\/2023\/08\/Capture-decran-2023-08-02-195139-1024x690.png\" alt=\"\" class=\"wp-image-93\" srcset=\"https:\/\/conscrits-de-villefranche.fr\/wp-content\/uploads\/2023\/08\/Capture-decran-2023-08-02-195139-1024x690.png 1024w, https:\/\/conscrits-de-villefranche.fr\/wp-content\/uploads\/2023\/08\/Capture-decran-2023-08-02-195139-300x202.png 300w, https:\/\/conscrits-de-villefranche.fr\/wp-content\/uploads\/2023\/08\/Capture-decran-2023-08-02-195139-768x518.png 768w, https:\/\/conscrits-de-villefranche.fr\/wp-content\/uploads\/2023\/08\/Capture-decran-2023-08-02-195139-850x573.png 850w, https:\/\/conscrits-de-villefranche.fr\/wp-content\/uploads\/2023\/08\/Capture-decran-2023-08-02-195139.png 1116w\" sizes=\"auto, (max-width: 1024px) 100vw, 1024px\" \/><\/figure>\n","protected":false},"excerpt":{"rendered":"<p>1798 La loi de Conscription (loi Jourdan).Au d\u00e9but de l\u2019ann\u00e9e, les gar\u00e7ons ayant eu 20 ans l\u2019ann\u00e9e pr\u00e9c\u00e9dente se voient imposer un tirage au sort. Si le choix \u00e9tait heureux, il \u00e9tait lib\u00e9r\u00e9 de toute obligation militaire, sinon, il partait pour sept ans. Diff\u00e9rentes lois furent vot\u00e9es, r\u00e9glementant les exemptions,&#8230;<\/p>\n","protected":false},"author":1,"featured_media":0,"parent":0,"menu_order":0,"comment_status":"closed","ping_status":"closed","template":"","meta":{"footnotes":""},"class_list":["post-12","page","type-page","status-publish","hentry"],"_links":{"self":[{"href":"https:\/\/conscrits-de-villefranche.fr\/index.php?rest_route=\/wp\/v2\/pages\/12","targetHints":{"allow":["GET"]}}],"collection":[{"href":"https:\/\/conscrits-de-villefranche.fr\/index.php?rest_route=\/wp\/v2\/pages"}],"about":[{"href":"https:\/\/conscrits-de-villefranche.fr\/index.php?rest_route=\/wp\/v2\/types\/page"}],"author":[{"embeddable":true,"href":"https:\/\/conscrits-de-villefranche.fr\/index.php?rest_route=\/wp\/v2\/users\/1"}],"replies":[{"embeddable":true,"href":"https:\/\/conscrits-de-villefranche.fr\/index.php?rest_route=%2Fwp%2Fv2%2Fcomments&post=12"}],"version-history":[{"count":5,"href":"https:\/\/conscrits-de-villefranche.fr\/index.php?rest_route=\/wp\/v2\/pages\/12\/revisions"}],"predecessor-version":[{"id":143,"href":"https:\/\/conscrits-de-villefranche.fr\/index.php?rest_route=\/wp\/v2\/pages\/12\/revisions\/143"}],"wp:attachment":[{"href":"https:\/\/conscrits-de-villefranche.fr\/index.php?rest_route=%2Fwp%2Fv2%2Fmedia&parent=12"}],"curies":[{"name":"wp","href":"https:\/\/api.w.org\/{rel}","templated":true}]}}