{"id":14,"date":"2023-08-22T12:58:01","date_gmt":"2023-08-22T10:58:01","guid":{"rendered":"https:\/\/conscrits-de-villefranche.fr\/?page_id=14"},"modified":"2023-12-02T14:48:22","modified_gmt":"2023-12-02T13:48:22","slug":"la-fete-des-conscrits","status":"publish","type":"page","link":"https:\/\/conscrits-de-villefranche.fr\/?page_id=14","title":{"rendered":"Le d\u00e9roul\u00e9 de la f\u00eate des conscrits"},"content":{"rendered":"\n<p><\/p>\n\n\n\n<figure class=\"wp-block-embed is-type-video is-provider-youtube wp-block-embed-youtube wp-embed-aspect-16-9 wp-has-aspect-ratio\"><div class=\"wp-block-embed__wrapper\">\n<iframe loading=\"lazy\" title=\"Les CONSCRITS 2019 (Partie 2)\" width=\"640\" height=\"360\" src=\"https:\/\/www.youtube.com\/embed\/ax6csNnSlm8?feature=oembed\" frameborder=\"0\" allow=\"accelerometer; autoplay; clipboard-write; encrypted-media; gyroscope; picture-in-picture; web-share\" referrerpolicy=\"strict-origin-when-cross-origin\" allowfullscreen><\/iframe>\n<\/div><\/figure>\n\n\n\n<p>La f\u00eate des conscrits se d\u00e9roule sur six jours, du vendredi au mercredi suivant, \u00e0 cheval sur le dernier dimanche de janvier, selon un planning traditionnel.(exceptions en octobre pour les ann\u00e9es COVID)<\/p>\n\n\n\n<p>Les festivit\u00e9s officielles commencent le vendredi et se terminent le mercredi suivant, mais le moment le plus attendu, se d\u00e9roule le dimanche \u00e0 11 h : \u00ab\u00a0la Vague des Conscrits\u00ae\u00a0\u00bb.<\/p>\n\n\n\n<p>Elle concerne, en premier lieu, tous les hommes n\u00e9s une ann\u00e9e se terminant par le nombre de l\u2019ann\u00e9e en cours (en 2019 sont concern\u00e9s les hommes de 20 ans et plus, n\u00e9s une ann\u00e9e se terminant par 9) et, en second lieu, les femmes remplissant les m\u00eames conditions. Hommes (conscrits) et femmes (conscrites) ont des r\u00f4les distincts au sein de la f\u00eate.<\/p>\n\n\n\n<p><strong>Le vendredi matin <\/strong>, les 20 ans sont re\u00e7us par des partenaires.<\/p>\n\n\n\n<p>Tous les conscrits se retrouvent \u00e0 midi pour une r\u00e9ception , invit\u00e9s par l\u2019Interclasse G\u00e9n\u00e9rale et les Compagnon du Beaujolais<\/p>\n\n\n\n<p><strong>L\u2019apr\u00e8s-midi<\/strong> est r\u00e9serv\u00e9 au <strong>souvenir et \u00e0 la solidarit\u00e9 <\/strong>. En groupe interg\u00e9n\u00e9rationnel de dix \u00e0 quinze conscrits, ils se rendent dans les maisons de retraite, EHPAD et \u00e9tablissements sp\u00e9cialis\u00e9s de la ville pour apporter aux r\u00e9sidents qui f\u00eatent leurs conscrits un bouquet de fleurs et passer un moment \u00e0 leur c\u00f4t\u00e9. Les \u00e9tablissements organisent g\u00e9n\u00e9ralement une r\u00e9ception afin d\u2019accueillir tous leurs r\u00e9sidents, conscrit(e)s ou non, et souvent leurs familles pour faire de cette visite un temps d\u2019animation, de f\u00eate et de partage<\/p>\n\n\n\n<figure class=\"wp-block-image size-full\"><img loading=\"lazy\" decoding=\"async\" width=\"743\" height=\"500\" src=\"https:\/\/conscrits-de-villefranche.fr\/wp-content\/uploads\/2023\/08\/Ma-Calade-2023-1.jpg\" alt=\"\" class=\"wp-image-138\" srcset=\"https:\/\/conscrits-de-villefranche.fr\/wp-content\/uploads\/2023\/08\/Ma-Calade-2023-1.jpg 743w, https:\/\/conscrits-de-villefranche.fr\/wp-content\/uploads\/2023\/08\/Ma-Calade-2023-1-300x202.jpg 300w\" sizes=\"auto, (max-width: 743px) 100vw, 743px\" \/><\/figure>\n\n\n\n<p><strong>D\u00e8s le vendredi soir <\/strong>se d\u00e9roule une <strong>retraite aux flambeaux <\/strong>pour laquelle chaque d\u00e9cennie choisit un th\u00e8me de d\u00e9guisement et qui se termine sur le perron de l&rsquo;H\u00f4tel de Ville o\u00f9 le pr\u00e9sident des 20 ans se voit remettre symboliquement les cl\u00e9s de la ville par le premier magistrat de la commune.<\/p>\n\n\n\n<figure class=\"wp-block-image size-full\"><img loading=\"lazy\" decoding=\"async\" width=\"893\" height=\"893\" src=\"https:\/\/conscrits-de-villefranche.fr\/wp-content\/uploads\/2023\/08\/Chanson-des-classes.jpg\" alt=\"\" class=\"wp-image-98\" srcset=\"https:\/\/conscrits-de-villefranche.fr\/wp-content\/uploads\/2023\/08\/Chanson-des-classes.jpg 893w, https:\/\/conscrits-de-villefranche.fr\/wp-content\/uploads\/2023\/08\/Chanson-des-classes-300x300.jpg 300w, https:\/\/conscrits-de-villefranche.fr\/wp-content\/uploads\/2023\/08\/Chanson-des-classes-150x150.jpg 150w, https:\/\/conscrits-de-villefranche.fr\/wp-content\/uploads\/2023\/08\/Chanson-des-classes-768x768.jpg 768w, https:\/\/conscrits-de-villefranche.fr\/wp-content\/uploads\/2023\/08\/Chanson-des-classes-850x850.jpg 850w\" sizes=\"auto, (max-width: 893px) 100vw, 893px\" \/><\/figure>\n\n\n\n<p><strong>En soir\u00e9e<\/strong>, des classes terminent la soir\u00e9e par un repas avec les conscrites et conjoints, d\u2019autres par une soir\u00e9e dansante.<\/p>\n\n\n\n<p>Le <strong>samedi matin <\/strong>permet de rendre <strong>hommage aux conscrits d\u00e9c\u00e9d\u00e9s<\/strong>, avec une c\u00e9r\u00e9monie au cimeti\u00e8re. Ensuite les conscrits se rendent sur les tombes des&nbsp; .La matin\u00e9e sert souvent aussi \u00e0 la prise de vue des conscrits de chacune des classes par leur photographe officiel et \u00e9ventuellement \u00e0 la prise d\u2019un portrait de groupe de tous les conscrits de l\u2019ann\u00e9e.<\/p>\n\n\n\n<figure class=\"wp-block-image size-large\"><img loading=\"lazy\" decoding=\"async\" width=\"1024\" height=\"819\" src=\"https:\/\/conscrits-de-villefranche.fr\/wp-content\/uploads\/2023\/08\/intergeneration-2020-1024x819.jpg\" alt=\"\" class=\"wp-image-112\" srcset=\"https:\/\/conscrits-de-villefranche.fr\/wp-content\/uploads\/2023\/08\/intergeneration-2020-1024x819.jpg 1024w, https:\/\/conscrits-de-villefranche.fr\/wp-content\/uploads\/2023\/08\/intergeneration-2020-300x240.jpg 300w, https:\/\/conscrits-de-villefranche.fr\/wp-content\/uploads\/2023\/08\/intergeneration-2020-768x614.jpg 768w, https:\/\/conscrits-de-villefranche.fr\/wp-content\/uploads\/2023\/08\/intergeneration-2020-1536x1229.jpg 1536w, https:\/\/conscrits-de-villefranche.fr\/wp-content\/uploads\/2023\/08\/intergeneration-2020-850x680.jpg 850w, https:\/\/conscrits-de-villefranche.fr\/wp-content\/uploads\/2023\/08\/intergeneration-2020.jpg 1600w\" sizes=\"auto, (max-width: 1024px) 100vw, 1024px\" \/><\/figure>\n\n\n\n<div class=\"wp-block-columns is-layout-flex wp-container-core-columns-is-layout-9d6595d7 wp-block-columns-is-layout-flex\">\n<div class=\"wp-block-column is-layout-flow wp-block-column-is-layout-flow\"><div class=\"wp-block-image\">\n<figure class=\"aligncenter size-full is-resized\"><img loading=\"lazy\" decoding=\"async\" width=\"221\" height=\"893\" src=\"https:\/\/conscrits-de-villefranche.fr\/wp-content\/uploads\/2023\/08\/Ouest-011-Samedi-conscrites-1-page-001.jpg\" alt=\"\" class=\"wp-image-127\" style=\"width:199px;height:804px\" srcset=\"https:\/\/conscrits-de-villefranche.fr\/wp-content\/uploads\/2023\/08\/Ouest-011-Samedi-conscrites-1-page-001.jpg 221w, https:\/\/conscrits-de-villefranche.fr\/wp-content\/uploads\/2023\/08\/Ouest-011-Samedi-conscrites-1-page-001-74x300.jpg 74w\" sizes=\"auto, (max-width: 221px) 100vw, 221px\" \/><\/figure>\n<\/div><\/div>\n\n\n\n<div class=\"wp-block-column is-layout-flow wp-block-column-is-layout-flow\">\n<p><\/p>\n\n\n\n<p><\/p>\n\n\n\n<p><\/p>\n\n\n\n<p><\/p>\n\n\n\n<p><\/p>\n\n\n\n<p class=\"has-text-align-center\"><strong>L&rsquo;apr\u00e8s-midi et le soir, les conscrites sont \u00e0 l\u2019honneur <\/strong>.Chaque classe se r\u00e9partit en groupes pour porter le bouquet et la cocarde aux conscrites, pendant laquelle les conscrites sont au c\u0153ur de la f\u00eate. Chacune d\u2019elles, seule ou en se regroupant \u00e0 plusieurs, organise une f\u00eate, o\u00f9 elles invitent famille et amis \u00e0 partager la journ\u00e9e, autour d\u2019un go\u00fbter l\u2019apr\u00e8s-midi ou d\u2019un repas le soir, et de la musique pour danser.<\/p>\n<\/div>\n<\/div>\n\n\n\n<div class=\"wp-block-columns is-layout-flex wp-container-core-columns-is-layout-9d6595d7 wp-block-columns-is-layout-flex\">\n<div class=\"wp-block-column is-layout-flow wp-block-column-is-layout-flow\">\n<p><strong>L\u2019apr\u00e8s-mid<\/strong>i c\u2019est aussi <strong>l\u2019animation de la ville <\/strong>pour faire davantage participer les habitants et visiteurs de la rue Nationale \u00e0 la f\u00eate, en faisant d\u00e9filer et jouer, en diff\u00e9rents lieux de la rue ou alentour, une partie des fanfares qui d\u00e9fileront le lendemain, g\u00e9n\u00e9ralement les plus belles, qui viennent de loin et arrivent donc d\u00e8s le samedi. Ces diff\u00e9rents concerts et d\u00e9fil\u00e9s se terminent par une r\u00e9ception des musiques et des conscrits pr\u00e9sents en centre-ville \u00e0 la mairie.<\/p>\n<\/div>\n\n\n\n<div class=\"wp-block-column is-layout-flow wp-block-column-is-layout-flow\">\n<figure class=\"wp-block-image size-large is-resized\"><img loading=\"lazy\" decoding=\"async\" width=\"1024\" height=\"576\" src=\"https:\/\/conscrits-de-villefranche.fr\/wp-content\/uploads\/2023\/08\/Musique-place-des-arts-semedi-PM-1-1024x576.jpg\" alt=\"\" class=\"wp-image-140\" style=\"width:578px;height:325px\" srcset=\"https:\/\/conscrits-de-villefranche.fr\/wp-content\/uploads\/2023\/08\/Musique-place-des-arts-semedi-PM-1-1024x576.jpg 1024w, https:\/\/conscrits-de-villefranche.fr\/wp-content\/uploads\/2023\/08\/Musique-place-des-arts-semedi-PM-1-300x169.jpg 300w, https:\/\/conscrits-de-villefranche.fr\/wp-content\/uploads\/2023\/08\/Musique-place-des-arts-semedi-PM-1-768x432.jpg 768w, https:\/\/conscrits-de-villefranche.fr\/wp-content\/uploads\/2023\/08\/Musique-place-des-arts-semedi-PM-1-850x478.jpg 850w, https:\/\/conscrits-de-villefranche.fr\/wp-content\/uploads\/2023\/08\/Musique-place-des-arts-semedi-PM-1.jpg 1440w\" sizes=\"auto, (max-width: 1024px) 100vw, 1024px\" \/><\/figure>\n<\/div>\n<\/div>\n\n\n\n<p><strong>Dimanche matin: Le r\u00e9veil des Pr\u00e9sidents<\/strong>. La tradition veut que le pr\u00e9sident de chaque classe soit r\u00e9veill\u00e9 le matin, entre 6 h et 9 h, par des cors de chasse, avec des variantes selon les ann\u00e9es.<\/p>\n\n\n\n<p><strong>Le point d\u2019orgue de la f\u00eate : la \u00ab vague \u00bb <\/strong>La \u00ab vague \u00bb est le traditionnel d\u00e9fil\u00e9 aller-retour des conscrits rue nationale .Pr\u00e9c\u00e9d\u00e9 par le drapeau de l\u2019Interclasse g\u00e9n\u00e9rale, le d\u00e9fil\u00e9 alterne une fanfare et une classe, en commen\u00e7ant par les 20 ans, et se termine par une fanfare. Le d\u00e9fil\u00e9 rassemble de 300 \u00e0 400 conscrits, toutes classes confondues, \u00e2g\u00e9s de 20 ans \u00e0 90 ou 100 ans et neuf ou dix fanfares. Il commence \u00e0 11 h pr\u00e9cises, pour se terminer entre 13 h et 13 h 30.<\/p>\n\n\n\n<figure class=\"wp-block-image size-large\"><img loading=\"lazy\" decoding=\"async\" width=\"1024\" height=\"705\" src=\"https:\/\/conscrits-de-villefranche.fr\/wp-content\/uploads\/2023\/08\/photo-illustration-archives-progres-richard-mouillaud-1579098720-1024x705.jpg\" alt=\"\" class=\"wp-image-128\" srcset=\"https:\/\/conscrits-de-villefranche.fr\/wp-content\/uploads\/2023\/08\/photo-illustration-archives-progres-richard-mouillaud-1579098720-1024x705.jpg 1024w, https:\/\/conscrits-de-villefranche.fr\/wp-content\/uploads\/2023\/08\/photo-illustration-archives-progres-richard-mouillaud-1579098720-300x207.jpg 300w, https:\/\/conscrits-de-villefranche.fr\/wp-content\/uploads\/2023\/08\/photo-illustration-archives-progres-richard-mouillaud-1579098720-768x529.jpg 768w, https:\/\/conscrits-de-villefranche.fr\/wp-content\/uploads\/2023\/08\/photo-illustration-archives-progres-richard-mouillaud-1579098720-1536x1058.jpg 1536w, https:\/\/conscrits-de-villefranche.fr\/wp-content\/uploads\/2023\/08\/photo-illustration-archives-progres-richard-mouillaud-1579098720-850x585.jpg 850w, https:\/\/conscrits-de-villefranche.fr\/wp-content\/uploads\/2023\/08\/photo-illustration-archives-progres-richard-mouillaud-1579098720.jpg 1600w\" sizes=\"auto, (max-width: 1024px) 100vw, 1024px\" \/><\/figure>\n\n\n\n<p><strong>A l\u2019issue de la vague<\/strong>, chaque classe organise un <strong>grand banquet <\/strong>auquel participent les Conscrits\u00ae et leurs invit\u00e9s (hommes). Le banquet n\u2019\u00e9tant ouvert qu\u2019aux hommes, les \u00e9pouses ou compagnes s\u2019occupent g\u00e9n\u00e9ralement des femmes ou compagnes des invit\u00e9s soit en les invitant chez elles, soit en les conviant au restaurant.<\/p>\n\n\n\n<p>\u00c0 la fin du banquet, se d\u00e9roule la tradition des \u00ab<strong>chanons<\/strong>\u00bb : un tirage au sort, simulant le tirage au sort de la conscription du XIXe&nbsp; si\u00e8cle. Les conscrits distribuent \u00e0 leurs invit\u00e9s, contre une obole, un cigare \u2013 telle \u00e9tait la tradition avant l\u2019interdiction de fumer dans les lieux publics -, un chocolat, ou une mignonette d\u2019alcool, entour\u00e9 d\u2019un ticket portant un num\u00e9ro. Le tirage au sort permet au gagnant de repartir avec un panier gourmand symbolique. La recette des chanons est revers\u00e9e par l\u2019interclasse de la d\u00e9cade \u00e0 des \u0153uvres sociales de la ville.<\/p>\n\n\n<div class=\"wp-block-image\">\n<figure class=\"aligncenter size-full\"><img loading=\"lazy\" decoding=\"async\" width=\"631\" height=\"420\" src=\"https:\/\/conscrits-de-villefranche.fr\/wp-content\/uploads\/2023\/09\/image.png\" alt=\"\" class=\"wp-image-169\" srcset=\"https:\/\/conscrits-de-villefranche.fr\/wp-content\/uploads\/2023\/09\/image.png 631w, https:\/\/conscrits-de-villefranche.fr\/wp-content\/uploads\/2023\/09\/image-300x200.png 300w\" sizes=\"auto, (max-width: 631px) 100vw, 631px\" \/><\/figure>\n<\/div>\n\n\n<p>\u00c0 l\u2019issue du banquet, les conscrits rejoignent leurs femmes, familles et amis, avant de partir au grand bal de cl\u00f4ture de la journ\u00e9e. Chaque classe, sauf les 20 ans, organise son bal sur invitation. Dans les salles les plus grandes, il arrive que les classes se regroupent \u00e0 plusieurs pour organiser un m\u00eame bal. Le soir une soir\u00e9e dansante par classe r\u00e9unira la famille et les amis.<\/p>\n\n\n\n<p>Les Conscrits se retrouvent par classes le <strong>lundi et le mardi <\/strong>pour un autre repas appel\u00e9 \u00ab\u00a0<strong>le retinton et super retinton<\/strong>. De m\u00eame, chaque classe choisit l\u2019organisation des soir\u00e9es du lundi et du mardi : restaurant ou soir\u00e9e dansante, avec ou sans les conscrites, parfois avec les conjoints\u2026<\/p>\n\n\n\n<p><strong>Le lundi soir<\/strong>, les 20 ans organisent en pr\u00e9sence des autres classes et, des conscrites un \u00ab <strong>enterrement de la classe <\/strong>\u00bb, qui consiste \u00e0 descendre la rue Nationale, en portant un cercueil repr\u00e9sentant la classe, de la place du Promenoir, au sud, \u00e0 la place Claude-Bernard, au nord, pour br\u00fbler le cercueil sur cette derni\u00e8re.<\/p>\n\n\n\n<p><strong>Le mercredi midi<\/strong>, les conscrits de toutes les classes se retrouvent pour un dernier <strong>banquet interg\u00e9n\u00e9rationnel.<\/strong><\/p>\n\n\n\n<figure class=\"wp-block-image size-large\"><img loading=\"lazy\" decoding=\"async\" width=\"1024\" height=\"484\" src=\"https:\/\/conscrits-de-villefranche.fr\/wp-content\/uploads\/2023\/09\/repas-Intergenerationnel-1024x484.jpg\" alt=\"\" class=\"wp-image-173\" srcset=\"https:\/\/conscrits-de-villefranche.fr\/wp-content\/uploads\/2023\/09\/repas-Intergenerationnel-1024x484.jpg 1024w, https:\/\/conscrits-de-villefranche.fr\/wp-content\/uploads\/2023\/09\/repas-Intergenerationnel-300x142.jpg 300w, https:\/\/conscrits-de-villefranche.fr\/wp-content\/uploads\/2023\/09\/repas-Intergenerationnel-768x363.jpg 768w, https:\/\/conscrits-de-villefranche.fr\/wp-content\/uploads\/2023\/09\/repas-Intergenerationnel-1536x726.jpg 1536w, https:\/\/conscrits-de-villefranche.fr\/wp-content\/uploads\/2023\/09\/repas-Intergenerationnel-850x402.jpg 850w, https:\/\/conscrits-de-villefranche.fr\/wp-content\/uploads\/2023\/09\/repas-Intergenerationnel.jpg 1853w\" sizes=\"auto, (max-width: 1024px) 100vw, 1024px\" \/><\/figure>\n\n\n\n<p>Depuis 2023 c&rsquo;est apr\u00e8s ce dernier banquet que les conscrits accompagnent en mairie\u00a0 le pr\u00e9sident des 20 ans pour restituer au maire les clefs de la Ville, re\u00e7ues le vendredi pr\u00e9c\u00e9dent, signifiant ainsi, la <strong>cl\u00f4ture de la f\u00eate officielle.<\/strong><\/p>\n\n\n\n<p><\/p>\n","protected":false},"excerpt":{"rendered":"<p>La f\u00eate des conscrits se d\u00e9roule sur six jours, du vendredi au mercredi suivant, \u00e0 cheval sur le dernier dimanche de janvier, selon un planning traditionnel.(exceptions en octobre pour les ann\u00e9es COVID) Les festivit\u00e9s officielles commencent le vendredi et se terminent le mercredi suivant, mais le moment le plus attendu,&#8230;<\/p>\n","protected":false},"author":1,"featured_media":0,"parent":0,"menu_order":0,"comment_status":"closed","ping_status":"closed","template":"","meta":{"footnotes":""},"class_list":["post-14","page","type-page","status-publish","hentry"],"_links":{"self":[{"href":"https:\/\/conscrits-de-villefranche.fr\/index.php?rest_route=\/wp\/v2\/pages\/14","targetHints":{"allow":["GET"]}}],"collection":[{"href":"https:\/\/conscrits-de-villefranche.fr\/index.php?rest_route=\/wp\/v2\/pages"}],"about":[{"href":"https:\/\/conscrits-de-villefranche.fr\/index.php?rest_route=\/wp\/v2\/types\/page"}],"author":[{"embeddable":true,"href":"https:\/\/conscrits-de-villefranche.fr\/index.php?rest_route=\/wp\/v2\/users\/1"}],"replies":[{"embeddable":true,"href":"https:\/\/conscrits-de-villefranche.fr\/index.php?rest_route=%2Fwp%2Fv2%2Fcomments&post=14"}],"version-history":[{"count":9,"href":"https:\/\/conscrits-de-villefranche.fr\/index.php?rest_route=\/wp\/v2\/pages\/14\/revisions"}],"predecessor-version":[{"id":323,"href":"https:\/\/conscrits-de-villefranche.fr\/index.php?rest_route=\/wp\/v2\/pages\/14\/revisions\/323"}],"wp:attachment":[{"href":"https:\/\/conscrits-de-villefranche.fr\/index.php?rest_route=%2Fwp%2Fv2%2Fmedia&parent=14"}],"curies":[{"name":"wp","href":"https:\/\/api.w.org\/{rel}","templated":true}]}}