{"id":156,"date":"2023-09-05T16:30:41","date_gmt":"2023-09-05T14:30:41","guid":{"rendered":"https:\/\/conscrits-de-villefranche.fr\/?page_id=156"},"modified":"2025-05-20T09:31:17","modified_gmt":"2025-05-20T07:31:17","slug":"devenir-conscrite","status":"publish","type":"page","link":"https:\/\/conscrits-de-villefranche.fr\/?page_id=156","title":{"rendered":"Devenir conscrit(e)"},"content":{"rendered":"\n<p>Pour devenir conscrit(e) il suffit de rejoindre votre classe (formulaire ci-dessous).<br>Votre classe correspond \u00e0 l&rsquo;ann\u00e9e de vos 20 ans : si vous \u00eates n\u00e9e en 1998, votre classe est la 2018.<br>On peut int\u00e9grer sa classe \u00e0 n\u2019importe quel \u00e2ge, sans condition de lieu de naissance ou d\u2019habitation, sans devoir \u00eatre parrain\u00e9. <br>Aucune origine, croyance religieuse, conviction politique, orientation sexuelle, situation de handicap n\u2019est en soit un obstacle pour devenir conscrit, \u00e0 condition de ne pas porter ses singularit\u00e9s en bandouli\u00e8re\u00a0: le pros\u00e9lytisme n\u2019a pas sa place parmi les conscrits.<\/p>\n\n\n\n<figure class=\"wp-block-gallery has-nested-images columns-default is-cropped wp-block-gallery-1 is-layout-flex wp-block-gallery-is-layout-flex\">\n<figure class=\"wp-block-image size-large\"><img loading=\"lazy\" decoding=\"async\" width=\"1024\" height=\"576\" data-id=\"550\" src=\"https:\/\/conscrits-de-villefranche.fr\/wp-content\/uploads\/2025\/05\/474995839_1042647824576189_4638373388658344154_n-1-1024x576.jpg\" alt=\"\" class=\"wp-image-550\" srcset=\"https:\/\/conscrits-de-villefranche.fr\/wp-content\/uploads\/2025\/05\/474995839_1042647824576189_4638373388658344154_n-1-1024x576.jpg 1024w, https:\/\/conscrits-de-villefranche.fr\/wp-content\/uploads\/2025\/05\/474995839_1042647824576189_4638373388658344154_n-1-300x169.jpg 300w, https:\/\/conscrits-de-villefranche.fr\/wp-content\/uploads\/2025\/05\/474995839_1042647824576189_4638373388658344154_n-1-768x432.jpg 768w, https:\/\/conscrits-de-villefranche.fr\/wp-content\/uploads\/2025\/05\/474995839_1042647824576189_4638373388658344154_n-1-850x478.jpg 850w, https:\/\/conscrits-de-villefranche.fr\/wp-content\/uploads\/2025\/05\/474995839_1042647824576189_4638373388658344154_n-1.jpg 1440w\" sizes=\"auto, (max-width: 1024px) 100vw, 1024px\" \/><\/figure>\n\n\n\n<figure class=\"wp-block-image size-large\"><img loading=\"lazy\" decoding=\"async\" width=\"1024\" height=\"576\" data-id=\"551\" src=\"https:\/\/conscrits-de-villefranche.fr\/wp-content\/uploads\/2025\/05\/474621260_1042647821242856_2089403960388492789_n-1-1024x576.jpg\" alt=\"\" class=\"wp-image-551\" srcset=\"https:\/\/conscrits-de-villefranche.fr\/wp-content\/uploads\/2025\/05\/474621260_1042647821242856_2089403960388492789_n-1-1024x576.jpg 1024w, https:\/\/conscrits-de-villefranche.fr\/wp-content\/uploads\/2025\/05\/474621260_1042647821242856_2089403960388492789_n-1-300x169.jpg 300w, https:\/\/conscrits-de-villefranche.fr\/wp-content\/uploads\/2025\/05\/474621260_1042647821242856_2089403960388492789_n-1-768x432.jpg 768w, https:\/\/conscrits-de-villefranche.fr\/wp-content\/uploads\/2025\/05\/474621260_1042647821242856_2089403960388492789_n-1-850x478.jpg 850w, https:\/\/conscrits-de-villefranche.fr\/wp-content\/uploads\/2025\/05\/474621260_1042647821242856_2089403960388492789_n-1.jpg 1440w\" sizes=\"auto, (max-width: 1024px) 100vw, 1024px\" \/><\/figure>\n<\/figure>\n\n\n\n<h2 class=\"wp-block-heading\">J<strong>e souhaite \u00eatre recontact\u00e9 par ma classe<\/strong> :<br><strong>(remplir le formulaire ci-dessous)<\/strong><\/h2>\n\n\n<div class=\"wpforms-container wpforms-container-full wpforms-block wpforms-block-1998de11-0f93-42e0-8032-91b615b95a32 wpforms-render-modern\" id=\"wpforms-533\"><form id=\"wpforms-form-533\" class=\"wpforms-validate wpforms-form wpforms-ajax-form\" data-formid=\"533\" method=\"post\" enctype=\"multipart\/form-data\" action=\"\/index.php?rest_route=%2Fwp%2Fv2%2Fpages%2F156\" data-token=\"e88bcb8172ea267150b03cd1ac759263\" data-token-time=\"1776288201\"><noscript class=\"wpforms-error-noscript\">Veuillez activer JavaScript dans votre navigateur pour remplir ce formulaire.<\/noscript><div id=\"wpforms-error-noscript\" style=\"display: none;\">Veuillez activer JavaScript dans votre navigateur pour remplir ce formulaire.<\/div><div class=\"wpforms-field-container\"><div id=\"wpforms-533-field_1-container\" class=\"wpforms-field wpforms-field-name\" data-field-id=\"1\"><fieldset><legend class=\"wpforms-field-label\">Nom <span class=\"wpforms-required-label\" aria-hidden=\"true\">*<\/span><\/legend><div class=\"wpforms-field-row wpforms-field-medium\"><div class=\"wpforms-field-row-block wpforms-first wpforms-one-half\"><input type=\"text\" id=\"wpforms-533-field_1\" class=\"wpforms-field-name-first wpforms-field-required\" name=\"wpforms[fields][1][first]\" aria-errormessage=\"wpforms-533-field_1-error\" required><label for=\"wpforms-533-field_1\" class=\"wpforms-field-sublabel after\">Pr\u00e9nom<\/label><\/div><div class=\"wpforms-field-row-block wpforms-one-half\"><input type=\"text\" id=\"wpforms-533-field_1-last\" class=\"wpforms-field-name-last wpforms-field-required\" name=\"wpforms[fields][1][last]\" aria-errormessage=\"wpforms-533-field_1-last-error\" required><label for=\"wpforms-533-field_1-last\" class=\"wpforms-field-sublabel after\">Nom<\/label><\/div><\/div><\/fieldset><\/div><div id=\"wpforms-533-field_4-container\" class=\"wpforms-field wpforms-field-number\" data-field-id=\"4\"><label class=\"wpforms-field-label\" for=\"wpforms-533-field_4\">Ann\u00e9e de Naissance <span class=\"wpforms-required-label\" aria-hidden=\"true\">*<\/span><\/label><input type=\"number\" id=\"wpforms-533-field_4\" class=\"wpforms-field-small wpforms-field-required\" name=\"wpforms[fields][4]\" step=\"any\" aria-errormessage=\"wpforms-533-field_4-error\" required><\/div><div id=\"wpforms-533-field_2-container\" class=\"wpforms-field wpforms-field-email\" data-field-id=\"2\"><label class=\"wpforms-field-label\" for=\"wpforms-533-field_2\">E-mail <span class=\"wpforms-required-label\" aria-hidden=\"true\">*<\/span><\/label><input type=\"email\" id=\"wpforms-533-field_2\" class=\"wpforms-field-medium wpforms-field-required\" name=\"wpforms[fields][2]\" spellcheck=\"false\" aria-errormessage=\"wpforms-533-field_2-error\" required><\/div>\t\t<div id=\"wpforms-533-field_7-container\"\n\t\t\tclass=\"wpforms-field wpforms-field-text\"\n\t\t\tdata-field-type=\"text\"\n\t\t\tdata-field-id=\"7\"\n\t\t\t>\n\t\t\t<label class=\"wpforms-field-label\" for=\"wpforms-533-field_7\" >portable message ou<\/label>\n\t\t\t<input type=\"text\" id=\"wpforms-533-field_7\" class=\"wpforms-field-medium\" name=\"wpforms[fields][7]\" >\n\t\t<\/div>\n\t\t<div id=\"wpforms-533-field_5-container\" class=\"wpforms-field wpforms-field-text\" data-field-id=\"5\"><label class=\"wpforms-field-label\" for=\"wpforms-533-field_5\">T\u00e9l\u00e9phone portable <span class=\"wpforms-required-label\" aria-hidden=\"true\">*<\/span><\/label><input type=\"text\" id=\"wpforms-533-field_5\" class=\"wpforms-field-medium wpforms-field-required\" name=\"wpforms[fields][5]\" aria-errormessage=\"wpforms-533-field_5-error\" required><\/div><div id=\"wpforms-533-field_6-container\" class=\"wpforms-field wpforms-field-text\" data-field-id=\"6\"><label class=\"wpforms-field-label\" for=\"wpforms-533-field_6\">Commune de r\u00e9sidence (Facultatif)<\/label><input type=\"text\" id=\"wpforms-533-field_6\" class=\"wpforms-field-medium\" name=\"wpforms[fields][6]\" aria-errormessage=\"wpforms-533-field_6-error\" ><\/div><div id=\"wpforms-533-field_3-container\" class=\"wpforms-field wpforms-field-textarea\" data-field-id=\"3\"><label class=\"wpforms-field-label\" for=\"wpforms-533-field_3\">Commentaire ou message (Facultatif)<\/label><textarea id=\"wpforms-533-field_3\" class=\"wpforms-field-medium\" name=\"wpforms[fields][3]\" aria-errormessage=\"wpforms-533-field_3-error\" ><\/textarea><\/div><script>\n\t\t\t\t( function() {\n\t\t\t\t\tconst style = document.createElement( 'style' );\n\t\t\t\t\tstyle.appendChild( document.createTextNode( '#wpforms-533-field_7-container { position: absolute !important; overflow: hidden !important; display: inline !important; height: 1px !important; width: 1px !important; z-index: -1000 !important; padding: 0 !important; } #wpforms-533-field_7-container input { visibility: hidden; } #wpforms-conversational-form-page #wpforms-533-field_7-container label { counter-increment: none; }' ) );\n\t\t\t\t\tdocument.head.appendChild( style );\n\t\t\t\t\tdocument.currentScript?.remove();\n\t\t\t\t} )();\n\t\t\t<\/script><\/div><!-- .wpforms-field-container --><div class=\"wpforms-submit-container\" ><input type=\"hidden\" name=\"wpforms[id]\" value=\"533\"><input type=\"hidden\" name=\"page_title\" value=\"\"><input type=\"hidden\" name=\"page_url\" value=\"https:\/\/conscrits-de-villefranche.fr\/index.php?rest_route=\/wp\/v2\/pages\/156\"><input type=\"hidden\" name=\"url_referer\" value=\"\"><button type=\"submit\" name=\"wpforms[submit]\" id=\"wpforms-submit-533\" class=\"wpforms-submit\" data-alt-text=\"Envoi...\" data-submit-text=\"Envoyer\" aria-live=\"assertive\" value=\"wpforms-submit\">Envoyer<\/button><img loading=\"lazy\" decoding=\"async\" src=\"https:\/\/conscrits-de-villefranche.fr\/wp-content\/plugins\/wpforms-lite\/assets\/images\/submit-spin.svg\" class=\"wpforms-submit-spinner\" style=\"display: none;\" width=\"26\" height=\"26\" alt=\"Chargement en cours\"><\/div><\/form><\/div>  <!-- .wpforms-container -->","protected":false},"excerpt":{"rendered":"<p>Pour devenir conscrit(e) il suffit de rejoindre votre classe (formulaire ci-dessous).Votre classe correspond \u00e0 l&rsquo;ann\u00e9e de vos 20 ans : si vous \u00eates n\u00e9e en 1998, votre classe est la 2018.On peut int\u00e9grer sa classe \u00e0 n\u2019importe quel \u00e2ge, sans condition de lieu de naissance ou d\u2019habitation, sans devoir \u00eatre&#8230;<\/p>\n","protected":false},"author":2,"featured_media":0,"parent":0,"menu_order":0,"comment_status":"closed","ping_status":"closed","template":"","meta":{"footnotes":""},"class_list":["post-156","page","type-page","status-publish","hentry"],"_links":{"self":[{"href":"https:\/\/conscrits-de-villefranche.fr\/index.php?rest_route=\/wp\/v2\/pages\/156","targetHints":{"allow":["GET"]}}],"collection":[{"href":"https:\/\/conscrits-de-villefranche.fr\/index.php?rest_route=\/wp\/v2\/pages"}],"about":[{"href":"https:\/\/conscrits-de-villefranche.fr\/index.php?rest_route=\/wp\/v2\/types\/page"}],"author":[{"embeddable":true,"href":"https:\/\/conscrits-de-villefranche.fr\/index.php?rest_route=\/wp\/v2\/users\/2"}],"replies":[{"embeddable":true,"href":"https:\/\/conscrits-de-villefranche.fr\/index.php?rest_route=%2Fwp%2Fv2%2Fcomments&post=156"}],"version-history":[{"count":12,"href":"https:\/\/conscrits-de-villefranche.fr\/index.php?rest_route=\/wp\/v2\/pages\/156\/revisions"}],"predecessor-version":[{"id":554,"href":"https:\/\/conscrits-de-villefranche.fr\/index.php?rest_route=\/wp\/v2\/pages\/156\/revisions\/554"}],"wp:attachment":[{"href":"https:\/\/conscrits-de-villefranche.fr\/index.php?rest_route=%2Fwp%2Fv2%2Fmedia&parent=156"}],"curies":[{"name":"wp","href":"https:\/\/api.w.org\/{rel}","templated":true}]}}