{"id":17,"date":"2023-08-22T12:58:01","date_gmt":"2023-08-22T10:58:01","guid":{"rendered":"https:\/\/conscrits-de-villefranche.fr\/?page_id=17"},"modified":"2026-04-13T16:28:59","modified_gmt":"2026-04-13T14:28:59","slug":"archives","status":"publish","type":"page","link":"https:\/\/conscrits-de-villefranche.fr\/?page_id=17","title":{"rendered":"Archives Gibus Info"},"content":{"rendered":"\n<figure class=\"wp-block-image size-large\"><img loading=\"lazy\" decoding=\"async\" width=\"1024\" height=\"208\" src=\"https:\/\/conscrits-de-villefranche.fr\/wp-content\/uploads\/2023\/09\/Gibus-Infos-1024x208.png\" alt=\"\" class=\"wp-image-206\" srcset=\"https:\/\/conscrits-de-villefranche.fr\/wp-content\/uploads\/2023\/09\/Gibus-Infos-1024x208.png 1024w, https:\/\/conscrits-de-villefranche.fr\/wp-content\/uploads\/2023\/09\/Gibus-Infos-300x61.png 300w, https:\/\/conscrits-de-villefranche.fr\/wp-content\/uploads\/2023\/09\/Gibus-Infos-768x156.png 768w, https:\/\/conscrits-de-villefranche.fr\/wp-content\/uploads\/2023\/09\/Gibus-Infos-1536x312.png 1536w, https:\/\/conscrits-de-villefranche.fr\/wp-content\/uploads\/2023\/09\/Gibus-Infos-2048x415.png 2048w, https:\/\/conscrits-de-villefranche.fr\/wp-content\/uploads\/2023\/09\/Gibus-Infos-850x172.png 850w\" sizes=\"auto, (max-width: 1024px) 100vw, 1024px\" \/><\/figure>\n\n\n\n<p><a href=\"https:\/\/conscrits-de-villefranche.fr\/wp-content\/uploads\/2026\/04\/Gibus-Infos-2026-04.pdf\" target=\"_blank\" rel=\"noreferrer noopener\">Avril 2026<\/a><\/p>\n\n\n\n<p><a href=\"https:\/\/conscrits-de-villefranche.fr\/wp-content\/uploads\/2026\/03\/Gibus-Infos-2026-03.pdf\" target=\"_blank\" rel=\"noreferrer noopener\">Mars 2026<\/a><\/p>\n\n\n\n<p><a href=\"https:\/\/conscrits-de-villefranche.fr\/wp-content\/uploads\/2026\/02\/Gibus-Infos-2026-02.pdf\" data-type=\"link\" data-id=\"https:\/\/conscrits-de-villefranche.fr\/wp-content\/uploads\/2026\/02\/Gibus-Infos-2026-02.pdf\" target=\"_blank\" rel=\"noreferrer noopener\">F\u00e9vrier 2026<\/a><\/p>\n\n\n\n<p><a href=\"https:\/\/conscrits-de-villefranche.fr\/wp-content\/uploads\/2026\/01\/Gibus-Infos-2026-01.pdf\" target=\"_blank\" rel=\"noreferrer noopener\">Janvier 2026<\/a><\/p>\n\n\n\n<p><a href=\"https:\/\/conscrits-de-villefranche.fr\/wp-content\/uploads\/2025\/12\/Gibus-Infos-2025-12.pdf\" data-type=\"link\" data-id=\"https:\/\/conscrits-de-villefranche.fr\/wp-content\/uploads\/2025\/12\/Gibus-Infos-2025-12.pdf\" target=\"_blank\" rel=\"noreferrer noopener\">D\u00e9cembre 2025<\/a><\/p>\n\n\n\n<p><a href=\"https:\/\/conscrits-de-villefranche.fr\/wp-content\/uploads\/2025\/11\/Gibus-Infos-2025-11.pdf\" target=\"_blank\" rel=\"noreferrer noopener\">Novembre 2025<\/a><\/p>\n\n\n\n<p><a href=\"https:\/\/conscrits-de-villefranche.fr\/wp-content\/uploads\/2025\/10\/Gibus-Infos-2025-10.pdf\" target=\"_blank\" rel=\"noreferrer noopener\">Octobre 2025<\/a><\/p>\n\n\n\n<p><a href=\"https:\/\/conscrits-de-villefranche.fr\/wp-content\/uploads\/2025\/09\/Gibus-Infos-2025-09.pdf\" target=\"_blank\" rel=\"noreferrer noopener\">Septembre 2025<\/a><\/p>\n\n\n\n<p><a href=\"https:\/\/conscrits-de-villefranche.fr\/wp-content\/uploads\/2025\/06\/Gibus-Infos-2025-06.pdf\" data-type=\"link\" data-id=\"https:\/\/conscrits-de-villefranche.fr\/wp-content\/uploads\/2025\/06\/Gibus-Infos-2025-06.pdf\" target=\"_blank\" rel=\"noreferrer noopener\">Juin 2025<\/a><\/p>\n\n\n\n<p><a href=\"https:\/\/conscrits-de-villefranche.fr\/wp-content\/uploads\/2025\/05\/Gibus-Infos-2025-05.pdf\" data-type=\"link\" data-id=\"https:\/\/conscrits-de-villefranche.fr\/wp-content\/uploads\/2025\/05\/Gibus-Infos-2025-05.pdf\" target=\"_blank\" rel=\"noreferrer noopener\">Mai 2025<\/a><\/p>\n\n\n\n<p><a href=\"https:\/\/conscrits-de-villefranche.fr\/wp-content\/uploads\/2025\/04\/Gibus-Infos-2025-04.pdf\" target=\"_blank\" rel=\"noreferrer noopener\">Avril 2025<\/a><\/p>\n\n\n\n<p><a href=\"https:\/\/conscrits-de-villefranche.fr\/wp-content\/uploads\/2025\/03\/Gibus-Infos-2025-03.pdf\" data-type=\"link\" data-id=\"https:\/\/conscrits-de-villefranche.fr\/wp-content\/uploads\/2025\/03\/Gibus-Infos-2025-03.pdf\" target=\"_blank\" rel=\"noreferrer noopener\">Mars 2025<\/a><\/p>\n\n\n\n<p><a href=\"https:\/\/conscrits-de-villefranche.fr\/wp-content\/uploads\/2025\/02\/Gibus-Infos-2025-02.pdf\" target=\"_blank\" rel=\"noreferrer noopener\">F\u00e9vrier 2025<\/a><\/p>\n\n\n\n<p><a href=\"https:\/\/conscrits-de-villefranche.fr\/wp-content\/uploads\/2025\/01\/Gibus-Infos-2025-01.pdf\" data-type=\"link\" data-id=\"https:\/\/conscrits-de-villefranche.fr\/wp-content\/uploads\/2025\/01\/Gibus-Infos-2025-01.pdf\" target=\"_blank\" rel=\"noreferrer noopener\">Janvier 2025<\/a><\/p>\n\n\n\n<p><a href=\"https:\/\/conscrits-de-villefranche.fr\/wp-content\/uploads\/2024\/12\/Gibus-Infos-2024-12.pdf\" data-type=\"link\" data-id=\"https:\/\/conscrits-de-villefranche.fr\/wp-content\/uploads\/2024\/12\/Gibus-Infos-2024-12.pdf\" target=\"_blank\" rel=\"noreferrer noopener\">D\u00e9cembre 2024<\/a><\/p>\n\n\n\n<p><a href=\"https:\/\/conscrits-de-villefranche.fr\/wp-content\/uploads\/2024\/10\/Gibus-Infos-2024-11.pdf\" data-type=\"link\" data-id=\"https:\/\/conscrits-de-villefranche.fr\/wp-content\/uploads\/2024\/10\/Gibus-Infos-2024-11.pdf\" target=\"_blank\" rel=\"noreferrer noopener\">Novembre 2024<\/a><\/p>\n\n\n\n<p><a href=\"https:\/\/conscrits-de-villefranche.fr\/wp-content\/uploads\/2024\/10\/Gibus-Infos-2024-10.pdf\" data-type=\"link\" data-id=\"https:\/\/conscrits-de-villefranche.fr\/wp-content\/uploads\/2024\/10\/Gibus-Infos-2024-10.pdf\" target=\"_blank\" rel=\"noreferrer noopener\">Octobre 2024<\/a><\/p>\n\n\n\n<p><a href=\"https:\/\/conscrits-de-villefranche.fr\/wp-content\/uploads\/2024\/09\/Gibus-Infos-2024-09.pdf\" data-type=\"link\" data-id=\"https:\/\/conscrits-de-villefranche.fr\/wp-content\/uploads\/2024\/09\/Gibus-Infos-2024-09.pdf\" target=\"_blank\" rel=\"noreferrer noopener\">Septembre 2024<\/a><\/p>\n\n\n\n<p><a href=\"https:\/\/conscrits-de-villefranche.fr\/wp-content\/uploads\/2024\/07\/Gibus-Infos-2024-0708.pdf\" target=\"_blank\" rel=\"noreferrer noopener\">Juillet et Ao\u00fbt 2024<\/a><\/p>\n\n\n\n<p><a href=\"https:\/\/conscrits-de-villefranche.fr\/wp-content\/uploads\/2024\/06\/Gibus-Infos-2024-06.pdf\" target=\"_blank\" rel=\"noreferrer noopener\">Juin 2024<\/a><\/p>\n\n\n\n<p><a href=\"https:\/\/conscrits-de-villefranche.fr\/wp-content\/uploads\/2024\/05\/Gibus-Infos-2024-05.pdf\" data-type=\"link\" data-id=\"https:\/\/conscrits-de-villefranche.fr\/wp-content\/uploads\/2024\/05\/Gibus-Infos-2024-05.pdf\" target=\"_blank\" rel=\"noreferrer noopener\">Mai 2024<\/a><\/p>\n\n\n\n<p><a href=\"https:\/\/conscrits-de-villefranche.fr\/wp-content\/uploads\/2024\/04\/Gibus-Infos-2024-04.pdf\" data-type=\"link\" data-id=\"https:\/\/conscrits-de-villefranche.fr\/wp-content\/uploads\/2024\/04\/Gibus-Infos-2024-04.pdf\" target=\"_blank\" rel=\"noreferrer noopener\">Avril 2024<\/a><\/p>\n\n\n\n<p><a href=\"https:\/\/conscrits-de-villefranche.fr\/wp-content\/uploads\/2024\/02\/Gibus-Infos-2024-03.pdf\" data-type=\"link\" data-id=\"https:\/\/conscrits-de-villefranche.fr\/wp-content\/uploads\/2024\/02\/Gibus-Infos-2024-03.pdf\" target=\"_blank\" rel=\"noreferrer noopener\">Mars 2024<\/a><\/p>\n\n\n\n<p><a href=\"https:\/\/conscrits-de-villefranche.fr\/wp-content\/uploads\/2024\/02\/Gibus-Infos-2024-02.pdf\" target=\"_blank\" rel=\"noreferrer noopener\">F\u00e9vrier 2024<\/a><\/p>\n\n\n\n<p><a href=\"https:\/\/conscrits-de-villefranche.fr\/wp-content\/uploads\/2023\/12\/Gibus-Infos-2024-01.pdf\" target=\"_blank\" rel=\"noreferrer noopener\">Janvier 2024<\/a><\/p>\n\n\n\n<p><a href=\"https:\/\/conscrits-de-villefranche.fr\/wp-content\/uploads\/2023\/11\/Gibus-Infos-2023-12.pdf\" data-type=\"link\" data-id=\"https:\/\/conscrits-de-villefranche.fr\/wp-content\/uploads\/2023\/11\/Gibus-Infos-2023-12.pdf\" target=\"_blank\" rel=\"noreferrer noopener\">D\u00e9cembre 2023<\/a><\/p>\n\n\n\n<p><a href=\"https:\/\/conscrits-de-villefranche.fr\/wp-content\/uploads\/2023\/10\/Gibus-Infos-2023-11.pdf\" target=\"_blank\" rel=\"noreferrer noopener\">Novembre 2023<\/a><\/p>\n\n\n\n<p><a rel=\"noreferrer noopener\" href=\"https:\/\/conscrits-de-villefranche.fr\/wp-content\/uploads\/2023\/09\/Gibus-Infos-2023-10.pdf\" data-type=\"link\" data-id=\"https:\/\/conscrits-de-villefranche.fr\/wp-content\/uploads\/2023\/09\/Gibus-Infos-2023-10.pdf\" target=\"_blank\">Octobre 2023<\/a><\/p>\n\n\n\n<p><a rel=\"noreferrer noopener\" href=\"https:\/\/conscrits-de-villefranche.fr\/wp-content\/uploads\/2023\/09\/Gibus-Infos-2023-09.pdf\" data-type=\"link\" data-id=\"https:\/\/conscrits-de-villefranche.fr\/wp-content\/uploads\/2023\/09\/Gibus-Infos-2023-09.pdf\" target=\"_blank\">Septembre 2023<\/a><\/p>\n\n\n\n<p><\/p>\n","protected":false},"excerpt":{"rendered":"<p>Avril 2026 Mars 2026 F\u00e9vrier 2026 Janvier 2026 D\u00e9cembre 2025 Novembre 2025 Octobre 2025 Septembre 2025 Juin 2025 Mai 2025 Avril 2025 Mars 2025 F\u00e9vrier 2025 Janvier 2025 D\u00e9cembre 2024 Novembre 2024 Octobre 2024 Septembre 2024 Juillet et Ao\u00fbt 2024 Juin 2024 Mai 2024 Avril 2024 Mars 2024 F\u00e9vrier 2024&#8230;<\/p>\n","protected":false},"author":1,"featured_media":0,"parent":0,"menu_order":0,"comment_status":"closed","ping_status":"closed","template":"","meta":{"footnotes":""},"class_list":["post-17","page","type-page","status-publish","hentry"],"_links":{"self":[{"href":"https:\/\/conscrits-de-villefranche.fr\/index.php?rest_route=\/wp\/v2\/pages\/17","targetHints":{"allow":["GET"]}}],"collection":[{"href":"https:\/\/conscrits-de-villefranche.fr\/index.php?rest_route=\/wp\/v2\/pages"}],"about":[{"href":"https:\/\/conscrits-de-villefranche.fr\/index.php?rest_route=\/wp\/v2\/types\/page"}],"author":[{"embeddable":true,"href":"https:\/\/conscrits-de-villefranche.fr\/index.php?rest_route=\/wp\/v2\/users\/1"}],"replies":[{"embeddable":true,"href":"https:\/\/conscrits-de-villefranche.fr\/index.php?rest_route=%2Fwp%2Fv2%2Fcomments&post=17"}],"version-history":[{"count":42,"href":"https:\/\/conscrits-de-villefranche.fr\/index.php?rest_route=\/wp\/v2\/pages\/17\/revisions"}],"predecessor-version":[{"id":690,"href":"https:\/\/conscrits-de-villefranche.fr\/index.php?rest_route=\/wp\/v2\/pages\/17\/revisions\/690"}],"wp:attachment":[{"href":"https:\/\/conscrits-de-villefranche.fr\/index.php?rest_route=%2Fwp%2Fv2%2Fmedia&parent=17"}],"curies":[{"name":"wp","href":"https:\/\/api.w.org\/{rel}","templated":true}]}}